{"id":1034,"date":"2022-02-22T20:35:47","date_gmt":"2022-02-22T19:35:47","guid":{"rendered":"https:\/\/lawendowydomek.com.pl\/polityka-prywatnosci\/"},"modified":"2024-06-28T10:30:39","modified_gmt":"2024-06-28T08:30:39","slug":"polityka-prywatnosci","status":"publish","type":"page","link":"https:\/\/lawendowydomek.com.pl\/en\/polityka-prywatnosci\/","title":{"rendered":"Privacy Policy"},"content":{"rendered":"<p style=\"text-align: center;\"><strong>General Information<\/strong><\/p>\n<ol>\n<li>The operator of the website <strong>lawendowydomek.com.p<\/strong>l is <strong>Lawendowy Domek Katarzyna Fuczek, located at ul. O\u015bwi\u0119cimska 29, 32-641 Przecisz\u00f3w, NIP: 5492214180<\/strong><\/li>\n<li>The service performs the function of gathering information about users and their behavior in the following ways:\n<ol>\n<li>Through voluntarily provided information in forms.<\/li>\n<li>By storing &#8220;cookies&#8221; on end devices.<\/li>\n<li>By collecting server logs from the hosting operator lh.pl, operating at lh.pl.<\/li>\n<\/ol>\n<\/li>\n<\/ol>\n<p style=\"text-align: center;\"><strong>Information in Forms<\/strong><\/p>\n<ol>\n<li>The service collects information voluntarily provided by the user<\/li>\n<li>Additionally, the service may store information about connection parameters (time stamp, IP address).<\/li>\n<li>Data from the form is not disclosed to third parties other than with the user&#8217;s consent.<\/li>\n<li>Information provided in the form may constitute a collection of potential clients registered by the Service Operator in the registry maintained by the Inspector General for the Protection of Personal Data.<\/li>\n<li>Data provided in the form is processed for the purpose resulting from the specific form&#8217;s function, e.g., to process a service request or business contact.<\/li>\n<li>Information from forms may be transferred to entities technically implementing certain services \u2013 this particularly applies to transferring information about the domain owner to entities that are operators of internet domains (primarily NASK), payment service providers, or other entities with whom the Service Operator cooperates in this regard.<\/li>\n<li>Cookie Information<\/li>\n<\/ol>\n<p>&nbsp;<\/p>\n<p style=\"text-align: center;\"><strong>The service uses cookies.<\/strong><\/p>\n<ol>\n<li>Cookies are computer data, in particular text files, which are stored in the end device of the Service User and are intended for using the Service&#8217;s web pages. Cookies usually contain the name of the website they come from, the time of storing them on the end device, and a unique number.<\/li>\n<li>The entity placing cookies on the end device of the Service User and accessing them is the service operator.<\/li>\n<li>Cookies are used for the following purposes:\n<ol>\n<li>Creating statistics that help understand how Service Users use web pages, which allows improving their structure and content.<\/li>\n<li>Maintaining the User&#8217;s session (after logging in), thanks to which the User does not have to re-enter their login and password on every subpage of the Service.<\/li>\n<li>Determining the user&#8217;s profile in order to display tailored materials in advertising networks, especially in the Google network.<\/li>\n<\/ol>\n<\/li>\n<li>Two main types of cookies are used within the Service: &#8220;session&#8221; cookies and &#8220;persistent&#8221; cookies. &#8220;Session&#8221; cookies are temporary files that are stored on the User&#8217;s end device until logging out, leaving the website, or turning off the software (web browser). &#8220;Persistent&#8221; cookies are stored on the User&#8217;s end device for the time specified in the cookie parameters or until deleted by the User.<\/li>\n<li>Web browsing software (web browser) usually allows storing cookies on the User&#8217;s end device by default. Service Users can change these settings. The web browser allows deleting cookies. It is also possible to automatically block cookies. Detailed information on this topic can be found in the help or documentation of the web browser. Limiting the use of cookies may affect some functionalities available on the Service&#8217;s web pages.<\/li>\n<li>Cookies placed on the end device of the Service User and used may also be used by advertising partners and cooperators with the Service operator.<\/li>\n<li>Users can modify their settings in this regard. Internet browsers allow for the deletion and blocking of Cookies. Detailed information on this topic is available in the help or documentation provided by the user&#8217;s internet browser.<\/li>\n<li>Disabling Cookies will often result in the limitation or blocking of certain functionalities of the website.<\/li>\n<li>The website<strong> lawendowydomek.com.pl<\/strong> also uses third-party Cookies from Google Analytics. More information can be found on their website: <a href=\"http:\/\/www.google.com\/analytics\/learn\/privacy.html\">google.com\/analytics\/learn\/privacy.html<\/a><\/li>\n<li>Cookies used on the lawendowydomek.com.pl website do not store personal data.<u><\/u><\/li>\n<\/ol>\n<p style=\"text-align: center;\"><strong>Server Logs<br \/>\n<\/strong><\/p>\n<ol>\n<li>Information about some user behaviors is subject to logging in the server layer. These data are used solely for the purpose of administering the service and ensuring the most efficient service of hosting services.<\/li>\n<li>Viewed resources are identified by URLs. Additionally, the following may be subject to logging:\n<ol>\n<li>Time of request arrival,<\/li>\n<li>Time of sending the response,<\/li>\n<li>Client station name \u2013 identification is carried out via the HTTP protocol,<\/li>\n<li>Information about errors that occurred during the HTTP transaction execution,<\/li>\n<li>URL address of the page previously visited by the user (referer link) \u2013 in the case when the transition to the Service took place via a link,<\/li>\n<li>User&#8217;s browser information,<\/li>\n<li>IP address information.<\/li>\n<\/ol>\n<\/li>\n<li>The above data are not associated with specific individuals browsing the pages.<\/li>\n<li>The above data are used solely for server administration purposes.<\/li>\n<\/ol>\n<p style=\"text-align: center;\"><strong>Data Disclosure<\/strong><\/p>\n<ol>\n<li>Data are disclosed to external entities only within the limits permitted by law.<\/li>\n<li>Data enabling the identification of a natural person are disclosed only with the consent of that person.<\/li>\n<li>The operator may be obliged to provide information collected by the Service to authorized authorities based on legally justified requests within the scope resulting from the request.<\/li>\n<\/ol>\n<p style=\"text-align: center;\"><strong>Managing Cookies \u2013 How to Express and Withdraw Consent in Practice?<\/strong><\/p>\n<ol>\n<li>If the user does not want to receive cookies, they can change their browser settings. Please note that disabling cookies necessary for authentication processes, security, and maintaining user preferences may make it difficult, and in extreme cases, may prevent the use of websites.<\/li>\n<li>To manage cookie settings, select your internet browser\/system from the list below and follow the instructions:\n<ol>\n<li><u><a href=\"http:\/\/support.microsoft.com\/kb\/196955\">Internet Explorer<\/a><\/u><\/li>\n<li><u><a href=\"http:\/\/support.google.com\/chrome\/bin\/answer.py?hl=pl&amp;answer=95647\">Chrome<\/a><\/u><\/li>\n<li><u><a href=\"http:\/\/support.apple.com\/kb\/PH5042\">Safari<\/a><\/u><\/li>\n<li><u><a href=\"http:\/\/support.mozilla.org\/pl\/kb\/W%C5%82%C4%85czanie%20i%20wy%C5%82%C4%85czanie%20obs%C5%82ugi%20ciasteczek\">Firefox<\/a><\/u><\/li>\n<li><u><a href=\"http:\/\/help.opera.com\/Windows\/12.10\/pl\/cookies.html\">Opera<\/a><\/u><\/li>\n<li><u><a href=\"http:\/\/support.google.com\/chrome\/bin\/answer.py?hl=pl&amp;answer=95647\">Android<\/a><\/u><\/li>\n<li><u><a href=\"http:\/\/support.apple.com\/kb\/HT1677?viewlocale=pl_PL\">Safari (iOS)<\/a><\/u><\/li>\n<li><u><a href=\"http:\/\/www.windowsphone.com\/pl-pl\/how-to\/wp7\/web\/changing-privacy-and-other-browser-settings\">Windows Phone<\/a><\/u><\/li>\n<li><u><a href=\"http:\/\/docs.blackberry.com\/en\/smartphone_users\/deliverables\/32004\/Turn_off_cookies_in_the_browser_60_1072866_11.jsp\">Blackberry<\/a><\/u><\/li>\n<\/ol>\n<\/li>\n<\/ol>\n","protected":false},"excerpt":{"rendered":"<p>General Information The operator of the website lawendowydomek.com.pl is Lawendowy [&hellip;]<\/p>\n","protected":false},"author":1,"featured_media":0,"parent":0,"menu_order":0,"comment_status":"closed","ping_status":"open","template":"","meta":{"footnotes":""},"class_list":["post-1034","page","type-page","status-publish","hentry"],"yoast_head":"<!-- This site is optimized with the Yoast SEO plugin v27.5 - https:\/\/yoast.com\/product\/yoast-seo-wordpress\/ -->\n<title>Privacy Policy - Lawendowy Domek<\/title>\n<meta name=\"robots\" content=\"index, follow, max-snippet:-1, max-image-preview:large, max-video-preview:-1\" \/>\n<link rel=\"canonical\" href=\"https:\/\/lawendowydomek.com.pl\/en\/polityka-prywatnosci\/\" \/>\n<meta property=\"og:locale\" content=\"en_US\" \/>\n<meta property=\"og:type\" content=\"article\" \/>\n<meta property=\"og:title\" content=\"Privacy Policy - Lawendowy Domek\" \/>\n<meta property=\"og:description\" content=\"General Information The operator of the website lawendowydomek.com.pl is Lawendowy [&hellip;]\" \/>\n<meta property=\"og:url\" content=\"https:\/\/lawendowydomek.com.pl\/en\/polityka-prywatnosci\/\" \/>\n<meta property=\"og:site_name\" content=\"Lawendowy Domek\" \/>\n<meta property=\"article:publisher\" content=\"https:\/\/www.facebook.com\/LawendowyDomekZator\" \/>\n<meta property=\"article:modified_time\" content=\"2024-06-28T08:30:39+00:00\" \/>\n<meta name=\"twitter:card\" content=\"summary_large_image\" \/>\n<meta name=\"twitter:label1\" content=\"Est. reading time\" \/>\n\t<meta name=\"twitter:data1\" content=\"4 minutes\" \/>\n<script type=\"application\/ld+json\" class=\"yoast-schema-graph\">{\"@context\":\"https:\\\/\\\/schema.org\",\"@graph\":[{\"@type\":\"WebPage\",\"@id\":\"https:\\\/\\\/lawendowydomek.com.pl\\\/en\\\/polityka-prywatnosci\\\/\",\"url\":\"https:\\\/\\\/lawendowydomek.com.pl\\\/en\\\/polityka-prywatnosci\\\/\",\"name\":\"Privacy Policy - Lawendowy Domek\",\"isPartOf\":{\"@id\":\"https:\\\/\\\/lawendowydomek.com.pl\\\/en\\\/#website\"},\"datePublished\":\"2022-02-22T19:35:47+00:00\",\"dateModified\":\"2024-06-28T08:30:39+00:00\",\"breadcrumb\":{\"@id\":\"https:\\\/\\\/lawendowydomek.com.pl\\\/en\\\/polityka-prywatnosci\\\/#breadcrumb\"},\"inLanguage\":\"en-US\",\"potentialAction\":[{\"@type\":\"ReadAction\",\"target\":[\"https:\\\/\\\/lawendowydomek.com.pl\\\/en\\\/polityka-prywatnosci\\\/\"]}]},{\"@type\":\"BreadcrumbList\",\"@id\":\"https:\\\/\\\/lawendowydomek.com.pl\\\/en\\\/polityka-prywatnosci\\\/#breadcrumb\",\"itemListElement\":[{\"@type\":\"ListItem\",\"position\":1,\"name\":\"Strona g\u0142\u00f3wna\",\"item\":\"https:\\\/\\\/lawendowydomek.com.pl\\\/en\\\/\"},{\"@type\":\"ListItem\",\"position\":2,\"name\":\"Privacy Policy\"}]},{\"@type\":\"WebSite\",\"@id\":\"https:\\\/\\\/lawendowydomek.com.pl\\\/en\\\/#website\",\"url\":\"https:\\\/\\\/lawendowydomek.com.pl\\\/en\\\/\",\"name\":\"Lawendowy Domek\",\"description\":\"\",\"publisher\":{\"@id\":\"https:\\\/\\\/lawendowydomek.com.pl\\\/en\\\/#organization\"},\"potentialAction\":[{\"@type\":\"SearchAction\",\"target\":{\"@type\":\"EntryPoint\",\"urlTemplate\":\"https:\\\/\\\/lawendowydomek.com.pl\\\/en\\\/?s={search_term_string}\"},\"query-input\":{\"@type\":\"PropertyValueSpecification\",\"valueRequired\":true,\"valueName\":\"search_term_string\"}}],\"inLanguage\":\"en-US\"},{\"@type\":\"Organization\",\"@id\":\"https:\\\/\\\/lawendowydomek.com.pl\\\/en\\\/#organization\",\"name\":\"Lawendowy Domek\",\"url\":\"https:\\\/\\\/lawendowydomek.com.pl\\\/en\\\/\",\"logo\":{\"@type\":\"ImageObject\",\"inLanguage\":\"en-US\",\"@id\":\"https:\\\/\\\/lawendowydomek.com.pl\\\/en\\\/#\\\/schema\\\/logo\\\/image\\\/\",\"url\":\"https:\\\/\\\/lawendowydomek.com.pl\\\/wp-content\\\/uploads\\\/2022\\\/02\\\/fav.png\",\"contentUrl\":\"https:\\\/\\\/lawendowydomek.com.pl\\\/wp-content\\\/uploads\\\/2022\\\/02\\\/fav.png\",\"width\":144,\"height\":144,\"caption\":\"Lawendowy Domek\"},\"image\":{\"@id\":\"https:\\\/\\\/lawendowydomek.com.pl\\\/en\\\/#\\\/schema\\\/logo\\\/image\\\/\"},\"sameAs\":[\"https:\\\/\\\/www.facebook.com\\\/LawendowyDomekZator\",\"https:\\\/\\\/www.instagram.com\\\/lawendowydomekzator\\\/\"]}]}<\/script>\n<!-- \/ Yoast SEO plugin. -->","yoast_head_json":{"title":"Privacy Policy - Lawendowy Domek","robots":{"index":"index","follow":"follow","max-snippet":"max-snippet:-1","max-image-preview":"max-image-preview:large","max-video-preview":"max-video-preview:-1"},"canonical":"https:\/\/lawendowydomek.com.pl\/en\/polityka-prywatnosci\/","og_locale":"en_US","og_type":"article","og_title":"Privacy Policy - Lawendowy Domek","og_description":"General Information The operator of the website lawendowydomek.com.pl is Lawendowy [&hellip;]","og_url":"https:\/\/lawendowydomek.com.pl\/en\/polityka-prywatnosci\/","og_site_name":"Lawendowy Domek","article_publisher":"https:\/\/www.facebook.com\/LawendowyDomekZator","article_modified_time":"2024-06-28T08:30:39+00:00","twitter_card":"summary_large_image","twitter_misc":{"Est. reading time":"4 minutes"},"schema":{"@context":"https:\/\/schema.org","@graph":[{"@type":"WebPage","@id":"https:\/\/lawendowydomek.com.pl\/en\/polityka-prywatnosci\/","url":"https:\/\/lawendowydomek.com.pl\/en\/polityka-prywatnosci\/","name":"Privacy Policy - Lawendowy Domek","isPartOf":{"@id":"https:\/\/lawendowydomek.com.pl\/en\/#website"},"datePublished":"2022-02-22T19:35:47+00:00","dateModified":"2024-06-28T08:30:39+00:00","breadcrumb":{"@id":"https:\/\/lawendowydomek.com.pl\/en\/polityka-prywatnosci\/#breadcrumb"},"inLanguage":"en-US","potentialAction":[{"@type":"ReadAction","target":["https:\/\/lawendowydomek.com.pl\/en\/polityka-prywatnosci\/"]}]},{"@type":"BreadcrumbList","@id":"https:\/\/lawendowydomek.com.pl\/en\/polityka-prywatnosci\/#breadcrumb","itemListElement":[{"@type":"ListItem","position":1,"name":"Strona g\u0142\u00f3wna","item":"https:\/\/lawendowydomek.com.pl\/en\/"},{"@type":"ListItem","position":2,"name":"Privacy Policy"}]},{"@type":"WebSite","@id":"https:\/\/lawendowydomek.com.pl\/en\/#website","url":"https:\/\/lawendowydomek.com.pl\/en\/","name":"Lawendowy Domek","description":"","publisher":{"@id":"https:\/\/lawendowydomek.com.pl\/en\/#organization"},"potentialAction":[{"@type":"SearchAction","target":{"@type":"EntryPoint","urlTemplate":"https:\/\/lawendowydomek.com.pl\/en\/?s={search_term_string}"},"query-input":{"@type":"PropertyValueSpecification","valueRequired":true,"valueName":"search_term_string"}}],"inLanguage":"en-US"},{"@type":"Organization","@id":"https:\/\/lawendowydomek.com.pl\/en\/#organization","name":"Lawendowy Domek","url":"https:\/\/lawendowydomek.com.pl\/en\/","logo":{"@type":"ImageObject","inLanguage":"en-US","@id":"https:\/\/lawendowydomek.com.pl\/en\/#\/schema\/logo\/image\/","url":"https:\/\/lawendowydomek.com.pl\/wp-content\/uploads\/2022\/02\/fav.png","contentUrl":"https:\/\/lawendowydomek.com.pl\/wp-content\/uploads\/2022\/02\/fav.png","width":144,"height":144,"caption":"Lawendowy Domek"},"image":{"@id":"https:\/\/lawendowydomek.com.pl\/en\/#\/schema\/logo\/image\/"},"sameAs":["https:\/\/www.facebook.com\/LawendowyDomekZator","https:\/\/www.instagram.com\/lawendowydomekzator\/"]}]}},"_links":{"self":[{"href":"https:\/\/lawendowydomek.com.pl\/en\/wp-json\/wp\/v2\/pages\/1034","targetHints":{"allow":["GET"]}}],"collection":[{"href":"https:\/\/lawendowydomek.com.pl\/en\/wp-json\/wp\/v2\/pages"}],"about":[{"href":"https:\/\/lawendowydomek.com.pl\/en\/wp-json\/wp\/v2\/types\/page"}],"author":[{"embeddable":true,"href":"https:\/\/lawendowydomek.com.pl\/en\/wp-json\/wp\/v2\/users\/1"}],"replies":[{"embeddable":true,"href":"https:\/\/lawendowydomek.com.pl\/en\/wp-json\/wp\/v2\/comments?post=1034"}],"version-history":[{"count":3,"href":"https:\/\/lawendowydomek.com.pl\/en\/wp-json\/wp\/v2\/pages\/1034\/revisions"}],"predecessor-version":[{"id":1090,"href":"https:\/\/lawendowydomek.com.pl\/en\/wp-json\/wp\/v2\/pages\/1034\/revisions\/1090"}],"wp:attachment":[{"href":"https:\/\/lawendowydomek.com.pl\/en\/wp-json\/wp\/v2\/media?parent=1034"}],"curies":[{"name":"wp","href":"https:\/\/api.w.org\/{rel}","templated":true}]}}